{"id":45,"date":"2020-01-29T14:30:08","date_gmt":"2020-01-29T13:30:08","guid":{"rendered":"http:\/\/www.eschfeld.de\/?page_id=45"},"modified":"2020-01-29T15:06:46","modified_gmt":"2020-01-29T14:06:46","slug":"wappen","status":"publish","type":"page","link":"https:\/\/www.eschfeld.de\/?page_id=45","title":{"rendered":"Wappen"},"content":{"rendered":"\n<div class=\"wp-block-image\"><figure class=\"alignleft size-large\"><img loading=\"lazy\" decoding=\"async\" width=\"200\" height=\"228\" src=\"https:\/\/www.eschfeld.de\/wp-content\/uploads\/2020\/01\/Wappen200.jpg\" alt=\"Wappen der Ortsgemeinde Eschfeld\" class=\"wp-image-66\"\/><\/figure><\/div>\n\n\n\n<p><strong>Wappenbeschreibung:<\/strong><\/p>\n\n\n\n<p>\u201eGeteilt und oben gespalten, vorn in silber blaues bauchiges Tongef\u00e4\u00df, hinten in gr\u00fcn goldene \u00c4hre, unten in rot silberne Leiste, belegt mit silberner Scheibe, diese belegt mit blauem Balken und rotem Pfahl mit trapezf\u00f6rmigen Enden\u201c.<br><br><\/p>\n\n\n\n<p><strong>Wappenbegr\u00fcndung:<\/strong><\/p>\n\n\n\n<p>Das\n2400 Jahre alte Tongef\u00e4\u00df stammt aus einem keltischen H\u00fcgelgrab auf\nBreitenweg&nbsp; bei Banzenhof. Es ist das\n\u00e4lteste Zeugnis f\u00fcr die Besiedlung des Eschfelder Raumes. (Rheinisches\nLandesmuseum Trier). <\/p>\n\n\n\n<p>Der\nfr\u00fchere Ortsname Eszfeld enth\u00e4lt den althochdeutschen Begriff Esz mit der\nBedeutung von einem gerodeten Saatfeld. Darauf verweisen die gr\u00fcne Weidefl\u00e4che\nund die \u00c4hre.<\/p>\n\n\n\n<p>\u00dcber\nein halbes Jahrhundert geh\u00f6rte die Meierei Eschfeld zur luxemburgischen Grafschaft\nVianden, in deren Wappen ein silberner Balken auf rotem Untergrund liegt. <\/p>\n\n\n\n<p>Die\nPfarrei Eschfeld wurde seit deren Errichtung im Jahre 1248 immer von Patres des\nViandener Trinitarierkonvents betreut. Deren Ordenssymbol, das\nTrinitarierkreuz, ist Sinnbild f\u00fcr die Dreifaltigkeit. Der senkrechte rote\nKreuzbalken steht f\u00fcr Gottvater, der waagerechte blaue Strich f\u00fcr Gottsohn und\nder wei\u00dfe Untergrund f\u00fcr den Heiligen Geist. Bis heute begeht die Pfarrei\nEschfeld ihre Kirmes in Erinnerung an die trinitarische Tradition am\nDreifaltigkeitsfest, dem Sonntag nach Pfingsten. <\/p>\n\n\n\n<p>Das Wappen wurde\ndurch Karl-Heinz Weis aus Essen entworfen. Der Ortsgemeinde Eschfeld wurde am 24.\nSeptember 2010 die Genehmigung zur F\u00fchrung eines Gemeindewappens durch die\nKommunalaufsicht des Eifelkreises Bitburg-Pr\u00fcm erteilt. <\/p>\n","protected":false},"excerpt":{"rendered":"<p>Wappenbeschreibung: \u201eGeteilt und oben gespalten, vorn in silber blaues bauchiges Tongef\u00e4\u00df, hinten in gr\u00fcn goldene \u00c4hre, unten in rot silberne Leiste, belegt mit silberner Scheibe, diese belegt mit blauem Balken und rotem Pfahl mit trapezf\u00f6rmigen Enden\u201c. Wappenbegr\u00fcndung: Das 2400 Jahre<\/p>\n","protected":false},"author":1,"featured_media":0,"parent":0,"menu_order":0,"comment_status":"closed","ping_status":"closed","template":"","meta":{"footnotes":""},"class_list":["post-45","page","type-page","status-publish","hentry"],"_links":{"self":[{"href":"https:\/\/www.eschfeld.de\/index.php?rest_route=\/wp\/v2\/pages\/45","targetHints":{"allow":["GET"]}}],"collection":[{"href":"https:\/\/www.eschfeld.de\/index.php?rest_route=\/wp\/v2\/pages"}],"about":[{"href":"https:\/\/www.eschfeld.de\/index.php?rest_route=\/wp\/v2\/types\/page"}],"author":[{"embeddable":true,"href":"https:\/\/www.eschfeld.de\/index.php?rest_route=\/wp\/v2\/users\/1"}],"replies":[{"embeddable":true,"href":"https:\/\/www.eschfeld.de\/index.php?rest_route=%2Fwp%2Fv2%2Fcomments&post=45"}],"version-history":[{"count":3,"href":"https:\/\/www.eschfeld.de\/index.php?rest_route=\/wp\/v2\/pages\/45\/revisions"}],"predecessor-version":[{"id":75,"href":"https:\/\/www.eschfeld.de\/index.php?rest_route=\/wp\/v2\/pages\/45\/revisions\/75"}],"wp:attachment":[{"href":"https:\/\/www.eschfeld.de\/index.php?rest_route=%2Fwp%2Fv2%2Fmedia&parent=45"}],"curies":[{"name":"wp","href":"https:\/\/api.w.org\/{rel}","templated":true}]}}